{"id":2,"date":"2016-05-10T03:48:21","date_gmt":"2016-05-10T03:48:21","guid":{"rendered":"http:\/\/hvm.kompass-it.de\/?page_id=2"},"modified":"2019-04-10T13:21:07","modified_gmt":"2019-04-10T11:21:07","slug":"sample-page","status":"publish","type":"page","link":"https:\/\/hvm.kompass-it.de\/","title":{"rendered":"Startseite"},"content":{"rendered":"\n<p>Willkommen auf der Extranet-Seite des Haus\u00e4rzteverbundes M\u00fcnster. Die Inhalte dieser Seite sind einem geschlossenen Anwenderkreis vorbehalten. <\/p>\n\n\n\n<p>Weitere Informationen \u00fcber den Haus\u00e4rzteverbund M\u00fcnster erhalten Sie auf unserer Seite:  <br><a href=\"http:\/\/www.hvm-ms.de\/\">http:\/\/www.hvm-ms.de<\/a> <\/p>\n","protected":false},"excerpt":{"rendered":"<p>Willkommen auf der Extranet-Seite des Haus\u00e4rzteverbundes M\u00fcnster. Die Inhalte dieser Seite sind einem geschlossenen Anwenderkreis vorbehalten. Weitere Informationen \u00fcber den Haus\u00e4rzteverbund M\u00fcnster erhalten Sie auf unserer Seite: http:\/\/www.hvm-ms.de<\/p>\n","protected":false},"author":1,"featured_media":0,"parent":0,"menu_order":0,"comment_status":"closed","ping_status":"open","template":"","meta":{"footnotes":""},"class_list":["post-2","page","type-page","status-publish","hentry"],"_links":{"self":[{"href":"https:\/\/hvm.kompass-it.de\/index.php?rest_route=\/wp\/v2\/pages\/2","targetHints":{"allow":["GET"]}}],"collection":[{"href":"https:\/\/hvm.kompass-it.de\/index.php?rest_route=\/wp\/v2\/pages"}],"about":[{"href":"https:\/\/hvm.kompass-it.de\/index.php?rest_route=\/wp\/v2\/types\/page"}],"author":[{"embeddable":true,"href":"https:\/\/hvm.kompass-it.de\/index.php?rest_route=\/wp\/v2\/users\/1"}],"replies":[{"embeddable":true,"href":"https:\/\/hvm.kompass-it.de\/index.php?rest_route=%2Fwp%2Fv2%2Fcomments&post=2"}],"version-history":[{"count":2,"href":"https:\/\/hvm.kompass-it.de\/index.php?rest_route=\/wp\/v2\/pages\/2\/revisions"}],"predecessor-version":[{"id":95,"href":"https:\/\/hvm.kompass-it.de\/index.php?rest_route=\/wp\/v2\/pages\/2\/revisions\/95"}],"wp:attachment":[{"href":"https:\/\/hvm.kompass-it.de\/index.php?rest_route=%2Fwp%2Fv2%2Fmedia&parent=2"}],"curies":[{"name":"wp","href":"https:\/\/api.w.org\/{rel}","templated":true}]}}